{"id":647,"date":"2025-02-01T16:34:32","date_gmt":"2025-02-01T16:34:32","guid":{"rendered":"https:\/\/rita-pereira.com\/contact\/"},"modified":"2026-03-06T11:25:04","modified_gmt":"2026-03-06T11:25:04","slug":"contactos","status":"publish","type":"page","link":"https:\/\/rita-pereira.com\/en\/contactos\/","title":{"rendered":"Contact"},"content":{"rendered":"<div data-elementor-type=\"wp-page\" data-elementor-id=\"647\" class=\"elementor elementor-647\">\n\t\t\t\t<div class=\"elementor-element elementor-element-e26f629 e-flex e-con-boxed e-con e-parent\" data-id=\"e26f629\" data-element_type=\"container\" data-settings=\"{&quot;background_background&quot;:&quot;classic&quot;}\">\n\t\t\t\t\t<div class=\"e-con-inner\">\n\t\t<div class=\"elementor-element elementor-element-706881a e-con-full e-flex e-con e-child\" data-id=\"706881a\" data-element_type=\"container\">\n\t\t\t\t<div class=\"elementor-element elementor-element-7699ce8 elementor-widget elementor-widget-heading\" data-id=\"7699ce8\" data-element_type=\"widget\" data-widget_type=\"heading.default\">\n\t\t\t\t<div class=\"elementor-widget-container\">\n\t\t\t\t\t<h1 class=\"elementor-heading-title elementor-size-default\">Let's talk?<\/h1>\t\t\t\t<\/div>\n\t\t\t\t<\/div>\n\t\t\t\t<\/div>\n\t\t\t\t\t<\/div>\n\t\t\t\t<\/div>\n\t\t<div class=\"elementor-element elementor-element-17326a3 e-flex e-con-boxed e-con e-parent\" data-id=\"17326a3\" data-element_type=\"container\" data-settings=\"{&quot;background_background&quot;:&quot;classic&quot;}\">\n\t\t\t\t\t<div class=\"e-con-inner\">\n\t\t<div class=\"elementor-element elementor-element-a8657dc e-con-full e-flex e-con e-child\" data-id=\"a8657dc\" data-element_type=\"container\">\n\t\t\t\t<div class=\"elementor-element elementor-element-8931977 elementor-widget elementor-widget-image\" data-id=\"8931977\" data-element_type=\"widget\" data-widget_type=\"image.default\">\n\t\t\t\t<div class=\"elementor-widget-container\">\n\t\t\t\t\t\t\t\t\t\t\t\t\t\t\t<img fetchpriority=\"high\" decoding=\"async\" width=\"682\" height=\"1024\" src=\"https:\/\/rita-pereira.com\/wp-content\/uploads\/2025\/02\/Rita-Pereira_Jacinta-Arau\u0301jo-Photography-88-682x1024.webp\" class=\"attachment-large size-large wp-image-1496\" alt=\"Contactos Rita Pereira\" srcset=\"https:\/\/rita-pereira.com\/wp-content\/uploads\/2025\/02\/Rita-Pereira_Jacinta-Arau\u0301jo-Photography-88-682x1024.webp 682w, https:\/\/rita-pereira.com\/wp-content\/uploads\/2025\/02\/Rita-Pereira_Jacinta-Arau\u0301jo-Photography-88-200x300.webp 200w, https:\/\/rita-pereira.com\/wp-content\/uploads\/2025\/02\/Rita-Pereira_Jacinta-Arau\u0301jo-Photography-88-768x1153.webp 768w, https:\/\/rita-pereira.com\/wp-content\/uploads\/2025\/02\/Rita-Pereira_Jacinta-Arau\u0301jo-Photography-88-1023x1536.webp 1023w, https:\/\/rita-pereira.com\/wp-content\/uploads\/2025\/02\/Rita-Pereira_Jacinta-Arau\u0301jo-Photography-88-1364x2048.webp 1364w, https:\/\/rita-pereira.com\/wp-content\/uploads\/2025\/02\/Rita-Pereira_Jacinta-Arau\u0301jo-Photography-88-scaled.webp 1705w\" sizes=\"(max-width: 682px) 100vw, 682px\" \/>\t\t\t\t\t\t\t\t\t\t\t\t\t\t\t<\/div>\n\t\t\t\t<\/div>\n\t\t\t\t<div class=\"elementor-element elementor-element-ea3b5c1 elementor-align-start elementor-icon-list--layout-traditional elementor-list-item-link-full_width elementor-widget elementor-widget-icon-list\" data-id=\"ea3b5c1\" data-element_type=\"widget\" data-widget_type=\"icon-list.default\">\n\t\t\t\t<div class=\"elementor-widget-container\">\n\t\t\t\t\t\t\t<ul class=\"elementor-icon-list-items\">\n\t\t\t\t\t\t\t<li class=\"elementor-icon-list-item\">\n\t\t\t\t\t\t\t\t\t\t\t<span class=\"elementor-icon-list-icon\">\n\t\t\t\t\t\t\t<i aria-hidden=\"true\" class=\"icon icon-envelope\"><\/i>\t\t\t\t\t\t<\/span>\n\t\t\t\t\t\t\t\t\t\t<span class=\"elementor-icon-list-text\">geral@rita-pereira.com<\/span>\n\t\t\t\t\t\t\t\t\t<\/li>\n\t\t\t\t\t\t\t\t<li class=\"elementor-icon-list-item\">\n\t\t\t\t\t\t\t\t\t\t\t<span class=\"elementor-icon-list-icon\">\n\t\t\t\t\t\t\t<svg aria-hidden=\"true\" class=\"e-font-icon-svg e-fas-phone-alt\" viewbox=\"0 0 512 512\" xmlns=\"http:\/\/www.w3.org\/2000\/svg\"><path d=\"M497.39 361.8l-112-48a24 24 0 0 0-28 6.9l-49.6 60.6A370.66 370.66 0 0 1 130.6 204.11l60.6-49.6a23.94 23.94 0 0 0 6.9-28l-48-112A24.16 24.16 0 0 0 122.6.61l-104 24A24 24 0 0 0 0 48c0 256.5 207.9 464 464 464a24 24 0 0 0 23.4-18.6l24-104a24.29 24.29 0 0 0-14.01-27.6z\"><\/path><\/svg>\t\t\t\t\t\t<\/span>\n\t\t\t\t\t\t\t\t\t\t<span class=\"elementor-icon-list-text\">+351 915 240 016 <br><span style=\"font-size:12px\">(Call to national mobile network) <\/span><\/span>\n\t\t\t\t\t\t\t\t\t<\/li>\n\t\t\t\t\t\t<\/ul>\n\t\t\t\t\t\t<\/div>\n\t\t\t\t<\/div>\n\t\t\t\t<div class=\"elementor-element elementor-element-1e54190 elementor-shape-circle e-grid-align-left elementor-grid-0 elementor-widget elementor-widget-social-icons\" data-id=\"1e54190\" data-element_type=\"widget\" data-widget_type=\"social-icons.default\">\n\t\t\t\t<div class=\"elementor-widget-container\">\n\t\t\t\t\t\t\t<div class=\"elementor-social-icons-wrapper elementor-grid\">\n\t\t\t\t\t\t\t<span class=\"elementor-grid-item\">\n\t\t\t\t\t<a class=\"elementor-icon elementor-social-icon elementor-social-icon-linkedin elementor-repeater-item-d75c2f3\" href=\"https:\/\/www.linkedin.com\/in\/rita-lpereira\/\" target=\"_blank\">\n\t\t\t\t\t\t<span class=\"elementor-screen-only\">Linkedin<\/span>\n\t\t\t\t\t\t<svg aria-hidden=\"true\" class=\"e-font-icon-svg e-fab-linkedin\" viewbox=\"0 0 448 512\" xmlns=\"http:\/\/www.w3.org\/2000\/svg\"><path d=\"M416 32H31.9C14.3 32 0 46.5 0 64.3v383.4C0 465.5 14.3 480 31.9 480H416c17.6 0 32-14.5 32-32.3V64.3c0-17.8-14.4-32.3-32-32.3zM135.4 416H69V202.2h66.5V416zm-33.2-243c-21.3 0-38.5-17.3-38.5-38.5S80.9 96 102.2 96c21.2 0 38.5 17.3 38.5 38.5 0 21.3-17.2 38.5-38.5 38.5zm282.1 243h-66.4V312c0-24.8-.5-56.7-34.5-56.7-34.6 0-39.9 27-39.9 54.9V416h-66.4V202.2h63.7v29.2h.9c8.9-16.8 30.6-34.5 62.9-34.5 67.2 0 79.7 44.3 79.7 101.9V416z\"><\/path><\/svg>\t\t\t\t\t<\/a>\n\t\t\t\t<\/span>\n\t\t\t\t\t<\/div>\n\t\t\t\t\t\t<\/div>\n\t\t\t\t<\/div>\n\t\t\t\t<\/div>\n\t\t<div class=\"elementor-element elementor-element-194bddc e-con-full e-flex e-con e-child\" data-id=\"194bddc\" data-element_type=\"container\">\n\t\t\t\t<div class=\"elementor-element elementor-element-de68c1b elementor-widget elementor-widget-heading\" data-id=\"de68c1b\" data-element_type=\"widget\" data-widget_type=\"heading.default\">\n\t\t\t\t<div class=\"elementor-widget-container\">\n\t\t\t\t\t<h2 class=\"elementor-heading-title elementor-size-default\">Vamos elevar a estrat\u00e9gia de comunica\u00e7\u00e3o da tua marca? Envia uma mensagem para come\u00e7armos a trabalhar.<\/h2>\t\t\t\t<\/div>\n\t\t\t\t<\/div>\n\t\t\t\t<div class=\"elementor-element elementor-element-be014a0 elementor-widget elementor-widget-wpforms\" data-id=\"be014a0\" data-element_type=\"widget\" data-widget_type=\"wpforms.default\">\n\t\t\t\t<div class=\"elementor-widget-container\">\n\t\t\t\t\t<div class=\"wpforms-container\" id=\"wpforms-14\"><form id=\"wpforms-form-14\" class=\"wpforms-validate wpforms-form wpforms-ajax-form\" data-formid=\"14\" method=\"post\" enctype=\"multipart\/form-data\" action=\"\/en\/wp-json\/wp\/v2\/pages\/647\" data-token=\"598b71f2051533f97744658a7a556b73\" data-token-time=\"1777507248\" data-trp-original-action=\"\/en\/wp-json\/wp\/v2\/pages\/647\"><noscript class=\"wpforms-error-noscript\">Please enable JavaScript in your browser to complete this form.<\/noscript><div class=\"wpforms-field-container\"><div id=\"wpforms-14-field_0-container\" class=\"wpforms-field wpforms-field-name\" data-field-id=\"0\"><label class=\"wpforms-field-label wpforms-label-hide\" for=\"wpforms-14-field_0\">Name <span class=\"wpforms-required-label\">*<\/span><\/label><input type=\"text\" id=\"wpforms-14-field_0\" class=\"wpforms-field-large wpforms-field-required\" name=\"wpforms[fields][0]\" placeholder=\"Name\" required><\/div><div id=\"wpforms-14-field_1-container\" class=\"wpforms-field wpforms-field-email\" data-field-id=\"1\"><label class=\"wpforms-field-label wpforms-label-hide\" for=\"wpforms-14-field_1\">E-mail <span class=\"wpforms-required-label\">*<\/span><\/label><input type=\"email\" id=\"wpforms-14-field_1\" class=\"wpforms-field-large wpforms-field-required\" name=\"wpforms[fields][1]\" placeholder=\"E-mail\" spellcheck=\"false\" required><\/div><div id=\"wpforms-14-field_5-container\" class=\"wpforms-field wpforms-field-select wpforms-field-select-style-classic\" data-field-id=\"5\"><label class=\"wpforms-field-label\" for=\"wpforms-14-field_5\">Can I help you?<\/label><select id=\"wpforms-14-field_5\" class=\"wpforms-field-medium\" name=\"wpforms[fields][5]\"><option value=\"SEO Content Writing\"  class=\"choice-1 depth-1\"  >SEO Content Writing<\/option><option value=\"Redes Sociais\"  class=\"choice-2 depth-1\"  >Social Media<\/option><option value=\"Estrat\u00e9gia de Conte\u00fados (site + social media)\"  class=\"choice-3 depth-1\"  >Estrat\u00e9gia de Conte\u00fados (site + social media)<\/option><\/select><\/div><div id=\"wpforms-14-field_4-container\" class=\"wpforms-field wpforms-field-textarea\" data-field-id=\"4\"><label class=\"wpforms-field-label wpforms-label-hide\" for=\"wpforms-14-field_4\">Message <span class=\"wpforms-required-label\">*<\/span><\/label><textarea id=\"wpforms-14-field_4\" class=\"wpforms-field-medium wpforms-field-required\" name=\"wpforms[fields][4]\" placeholder=\"Message\" required><\/textarea><div class=\"wpforms-field-description\">Para ajudar a preparar a nossa conversa indica: a tua necessidade principal, links relevantes e prazos (se existirem).<\/div><\/div><\/div><!-- .wpforms-field-container --><div class=\"wpforms-submit-container\" ><input type=\"hidden\" name=\"wpforms[id]\" value=\"14\"><input type=\"hidden\" name=\"page_title\" value=\"\"><input type=\"hidden\" name=\"page_url\" value=\"https:\/\/rita-pereira.com\/en\/wp-json\/wp\/v2\/pages\/647\"><input type=\"hidden\" name=\"url_referer\" value=\"\"><button type=\"submit\" name=\"wpforms[submit]\" id=\"wpforms-submit-14\" class=\"wpforms-submit\" data-alt-text=\"A enviar...\" data-submit-text=\"Agendar Conversa\" aria-live=\"assertive\" value=\"wpforms-submit\">Agendar Conversa<\/button><img decoding=\"async\" src=\"https:\/\/rita-pereira.com\/wp-content\/plugins\/wpforms-lite\/assets\/images\/submit-spin.svg\" class=\"wpforms-submit-spinner\" style=\"display: none;\" width=\"26\" height=\"26\" alt=\"Loading\"><\/div><input type=\"hidden\" name=\"trp-form-language\" value=\"en\"\/><\/form><\/div>  <!-- .wpforms-container -->\t\t\t\t<\/div>\n\t\t\t\t<\/div>\n\t\t\t\t<\/div>\n\t\t\t\t\t<\/div>\n\t\t\t\t<\/div>\n\t\t\t\t<\/div>","protected":false},"excerpt":{"rendered":"<p>Vamos conversar? geral@rita-pereira.com +351 915 240 016 (Chamada para rede m\u00f3vel nacional) Linkedin Vamos elevar a estrat\u00e9gia de comunica\u00e7\u00e3o da tua marca? Envia uma mensagem para come\u00e7armos a trabalhar. Please enable JavaScript in your browser to complete this form.Nome *Email *Em que posso ajudar?SEO Content WritingRedes SociaisEstrat\u00e9gia de Conte\u00fados (site + social media)Mensagem *Para ajudar [&hellip;]<\/p>","protected":false},"author":1,"featured_media":0,"parent":0,"menu_order":0,"comment_status":"closed","ping_status":"closed","template":"","meta":{"site-sidebar-layout":"no-sidebar","site-content-layout":"page-builder","ast-site-content-layout":"full-width-container","site-content-style":"unboxed","site-sidebar-style":"unboxed","ast-global-header-display":"","ast-banner-title-visibility":"","ast-main-header-display":"","ast-hfb-above-header-display":"","ast-hfb-below-header-display":"","ast-hfb-mobile-header-display":"","site-post-title":"disabled","ast-breadcrumbs-content":"disabled","ast-featured-img":"disabled","footer-sml-layout":"","theme-transparent-header-meta":"enabled","adv-header-id-meta":"","stick-header-meta":"","header-above-stick-meta":"","header-main-stick-meta":"","header-below-stick-meta":"","astra-migrate-meta-layouts":"set","ast-page-background-enabled":"default","ast-page-background-meta":{"desktop":{"background-color":"var(--ast-global-color-4)","background-image":"","background-repeat":"repeat","background-position":"center center","background-size":"auto","background-attachment":"scroll","background-type":"","background-media":"","overlay-type":"","overlay-color":"","overlay-opacity":"","overlay-gradient":""},"tablet":{"background-color":"","background-image":"","background-repeat":"repeat","background-position":"center center","background-size":"auto","background-attachment":"scroll","background-type":"","background-media":"","overlay-type":"","overlay-color":"","overlay-opacity":"","overlay-gradient":""},"mobile":{"background-color":"","background-image":"","background-repeat":"repeat","background-position":"center center","background-size":"auto","background-attachment":"scroll","background-type":"","background-media":"","overlay-type":"","overlay-color":"","overlay-opacity":"","overlay-gradient":""}},"ast-content-background-meta":{"desktop":{"background-color":"var(--ast-global-color-5)","background-image":"","background-repeat":"repeat","background-position":"center center","background-size":"auto","background-attachment":"scroll","background-type":"","background-media":"","overlay-type":"","overlay-color":"","overlay-opacity":"","overlay-gradient":""},"tablet":{"background-color":"var(--ast-global-color-5)","background-image":"","background-repeat":"repeat","background-position":"center center","background-size":"auto","background-attachment":"scroll","background-type":"","background-media":"","overlay-type":"","overlay-color":"","overlay-opacity":"","overlay-gradient":""},"mobile":{"background-color":"var(--ast-global-color-5)","background-image":"","background-repeat":"repeat","background-position":"center center","background-size":"auto","background-attachment":"scroll","background-type":"","background-media":"","overlay-type":"","overlay-color":"","overlay-opacity":"","overlay-gradient":""}},"footnotes":""},"class_list":["post-647","page","type-page","status-publish","hentry"],"yoast_head":"<!-- This site is optimized with the Yoast SEO plugin v26.7 - https:\/\/yoast.com\/wordpress\/plugins\/seo\/ -->\n<title>Contactos - Rita Pereira | SEO Content Writer<\/title>\n<meta name=\"description\" content=\"Vamos criar conte\u00fado que vai impulsionar a sua marca e criar conex\u00f5es com os seus clientes? Estes s\u00e3o os meus contactos!\" \/>\n<meta name=\"robots\" content=\"index, follow, max-snippet:-1, max-image-preview:large, max-video-preview:-1\" \/>\n<link rel=\"canonical\" href=\"https:\/\/rita-pereira.com\/en\/contactos\/\" \/>\n<meta property=\"og:locale\" content=\"en_GB\" \/>\n<meta property=\"og:type\" content=\"article\" \/>\n<meta property=\"og:title\" content=\"Contactos - Rita Pereira | SEO Content Writer\" \/>\n<meta property=\"og:description\" content=\"Vamos criar conte\u00fado que vai impulsionar a sua marca e criar conex\u00f5es com os seus clientes? Estes s\u00e3o os meus contactos!\" \/>\n<meta property=\"og:url\" content=\"https:\/\/rita-pereira.com\/en\/contactos\/\" \/>\n<meta property=\"og:site_name\" content=\"Rita Pereira | SEO Content Writer\" \/>\n<meta property=\"article:modified_time\" content=\"2026-03-06T11:25:04+00:00\" \/>\n<meta property=\"og:image\" content=\"https:\/\/rita-pereira.com\/wp-content\/plugins\/wpforms-lite\/assets\/images\/submit-spin.svg\" \/>\n<meta name=\"twitter:card\" content=\"summary_large_image\" \/>\n<meta name=\"twitter:label1\" content=\"Estimated reading time\" \/>\n\t<meta name=\"twitter:data1\" content=\"1 minute\" \/>\n<script type=\"application\/ld+json\" class=\"yoast-schema-graph\">{\"@context\":\"https:\/\/schema.org\",\"@graph\":[{\"@type\":\"WebPage\",\"@id\":\"https:\/\/rita-pereira.com\/contactos\/\",\"url\":\"https:\/\/rita-pereira.com\/contactos\/\",\"name\":\"Contactos - Rita Pereira | SEO Content Writer\",\"isPartOf\":{\"@id\":\"https:\/\/rita-pereira.com\/#website\"},\"primaryImageOfPage\":{\"@id\":\"https:\/\/rita-pereira.com\/contactos\/#primaryimage\"},\"image\":{\"@id\":\"https:\/\/rita-pereira.com\/contactos\/#primaryimage\"},\"thumbnailUrl\":\"https:\/\/rita-pereira.com\/wp-content\/plugins\/wpforms-lite\/assets\/images\/submit-spin.svg\",\"datePublished\":\"2025-02-01T16:34:32+00:00\",\"dateModified\":\"2026-03-06T11:25:04+00:00\",\"description\":\"Vamos criar conte\u00fado que vai impulsionar a sua marca e criar conex\u00f5es com os seus clientes? Estes s\u00e3o os meus contactos!\",\"breadcrumb\":{\"@id\":\"https:\/\/rita-pereira.com\/contactos\/#breadcrumb\"},\"inLanguage\":\"en-GB\",\"potentialAction\":[{\"@type\":\"ReadAction\",\"target\":[\"https:\/\/rita-pereira.com\/contactos\/\"]}]},{\"@type\":\"ImageObject\",\"inLanguage\":\"en-GB\",\"@id\":\"https:\/\/rita-pereira.com\/contactos\/#primaryimage\",\"url\":\"https:\/\/rita-pereira.com\/wp-content\/plugins\/wpforms-lite\/assets\/images\/submit-spin.svg\",\"contentUrl\":\"https:\/\/rita-pereira.com\/wp-content\/plugins\/wpforms-lite\/assets\/images\/submit-spin.svg\"},{\"@type\":\"BreadcrumbList\",\"@id\":\"https:\/\/rita-pereira.com\/contactos\/#breadcrumb\",\"itemListElement\":[{\"@type\":\"ListItem\",\"position\":1,\"name\":\"In\u00edcio\",\"item\":\"https:\/\/rita-pereira.com\/\"},{\"@type\":\"ListItem\",\"position\":2,\"name\":\"Contactos\"}]},{\"@type\":\"WebSite\",\"@id\":\"https:\/\/rita-pereira.com\/#website\",\"url\":\"https:\/\/rita-pereira.com\/\",\"name\":\"Rita Pereira | SEO Content Writer\",\"description\":\"Rita Pereira | SEO Content Writer\",\"publisher\":{\"@id\":\"https:\/\/rita-pereira.com\/#\/schema\/person\/6d1a825a0be7d492426e6d99237a9c3e\"},\"alternateName\":\"Rita Pereira\",\"potentialAction\":[{\"@type\":\"SearchAction\",\"target\":{\"@type\":\"EntryPoint\",\"urlTemplate\":\"https:\/\/rita-pereira.com\/?s={search_term_string}\"},\"query-input\":{\"@type\":\"PropertyValueSpecification\",\"valueRequired\":true,\"valueName\":\"search_term_string\"}}],\"inLanguage\":\"en-GB\"},{\"@type\":[\"Person\",\"Organization\"],\"@id\":\"https:\/\/rita-pereira.com\/#\/schema\/person\/6d1a825a0be7d492426e6d99237a9c3e\",\"name\":\"admin\",\"image\":{\"@type\":\"ImageObject\",\"inLanguage\":\"en-GB\",\"@id\":\"https:\/\/rita-pereira.com\/#\/schema\/person\/image\/\",\"url\":\"https:\/\/rita-pereira.com\/wp-content\/uploads\/2025\/02\/cropped-Logo-1-png-1.webp\",\"contentUrl\":\"https:\/\/rita-pereira.com\/wp-content\/uploads\/2025\/02\/cropped-Logo-1-png-1.webp\",\"width\":512,\"height\":512,\"caption\":\"admin\"},\"logo\":{\"@id\":\"https:\/\/rita-pereira.com\/#\/schema\/person\/image\/\"},\"sameAs\":[\"https:\/\/rita-pereira.com\"]}]}<\/script>\n<!-- \/ Yoast SEO plugin. -->","yoast_head_json":{"title":"Contactos - Rita Pereira | SEO Content Writer","description":"Vamos criar conte\u00fado que vai impulsionar a sua marca e criar conex\u00f5es com os seus clientes? Estes s\u00e3o os meus contactos!","robots":{"index":"index","follow":"follow","max-snippet":"max-snippet:-1","max-image-preview":"max-image-preview:large","max-video-preview":"max-video-preview:-1"},"canonical":"https:\/\/rita-pereira.com\/en\/contactos\/","og_locale":"en_GB","og_type":"article","og_title":"Contactos - Rita Pereira | SEO Content Writer","og_description":"Vamos criar conte\u00fado que vai impulsionar a sua marca e criar conex\u00f5es com os seus clientes? Estes s\u00e3o os meus contactos!","og_url":"https:\/\/rita-pereira.com\/en\/contactos\/","og_site_name":"Rita Pereira | SEO Content Writer","article_modified_time":"2026-03-06T11:25:04+00:00","og_image":[{"url":"https:\/\/rita-pereira.com\/wp-content\/plugins\/wpforms-lite\/assets\/images\/submit-spin.svg","type":"","width":"","height":""}],"twitter_card":"summary_large_image","twitter_misc":{"Estimated reading time":"1 minute"},"schema":{"@context":"https:\/\/schema.org","@graph":[{"@type":"WebPage","@id":"https:\/\/rita-pereira.com\/contactos\/","url":"https:\/\/rita-pereira.com\/contactos\/","name":"Contactos - Rita Pereira | SEO Content Writer","isPartOf":{"@id":"https:\/\/rita-pereira.com\/#website"},"primaryImageOfPage":{"@id":"https:\/\/rita-pereira.com\/contactos\/#primaryimage"},"image":{"@id":"https:\/\/rita-pereira.com\/contactos\/#primaryimage"},"thumbnailUrl":"https:\/\/rita-pereira.com\/wp-content\/plugins\/wpforms-lite\/assets\/images\/submit-spin.svg","datePublished":"2025-02-01T16:34:32+00:00","dateModified":"2026-03-06T11:25:04+00:00","description":"Vamos criar conte\u00fado que vai impulsionar a sua marca e criar conex\u00f5es com os seus clientes? Estes s\u00e3o os meus contactos!","breadcrumb":{"@id":"https:\/\/rita-pereira.com\/contactos\/#breadcrumb"},"inLanguage":"en-GB","potentialAction":[{"@type":"ReadAction","target":["https:\/\/rita-pereira.com\/contactos\/"]}]},{"@type":"ImageObject","inLanguage":"en-GB","@id":"https:\/\/rita-pereira.com\/contactos\/#primaryimage","url":"https:\/\/rita-pereira.com\/wp-content\/plugins\/wpforms-lite\/assets\/images\/submit-spin.svg","contentUrl":"https:\/\/rita-pereira.com\/wp-content\/plugins\/wpforms-lite\/assets\/images\/submit-spin.svg"},{"@type":"BreadcrumbList","@id":"https:\/\/rita-pereira.com\/contactos\/#breadcrumb","itemListElement":[{"@type":"ListItem","position":1,"name":"In\u00edcio","item":"https:\/\/rita-pereira.com\/"},{"@type":"ListItem","position":2,"name":"Contactos"}]},{"@type":"WebSite","@id":"https:\/\/rita-pereira.com\/#website","url":"https:\/\/rita-pereira.com\/","name":"Rita Pereira | SEO Content Writer","description":"Rita Pereira | SEO Content Writer","publisher":{"@id":"https:\/\/rita-pereira.com\/#\/schema\/person\/6d1a825a0be7d492426e6d99237a9c3e"},"alternateName":"Rita Pereira","potentialAction":[{"@type":"SearchAction","target":{"@type":"EntryPoint","urlTemplate":"https:\/\/rita-pereira.com\/?s={search_term_string}"},"query-input":{"@type":"PropertyValueSpecification","valueRequired":true,"valueName":"search_term_string"}}],"inLanguage":"en-GB"},{"@type":["Person","Organization"],"@id":"https:\/\/rita-pereira.com\/#\/schema\/person\/6d1a825a0be7d492426e6d99237a9c3e","name":"admin","image":{"@type":"ImageObject","inLanguage":"en-GB","@id":"https:\/\/rita-pereira.com\/#\/schema\/person\/image\/","url":"https:\/\/rita-pereira.com\/wp-content\/uploads\/2025\/02\/cropped-Logo-1-png-1.webp","contentUrl":"https:\/\/rita-pereira.com\/wp-content\/uploads\/2025\/02\/cropped-Logo-1-png-1.webp","width":512,"height":512,"caption":"admin"},"logo":{"@id":"https:\/\/rita-pereira.com\/#\/schema\/person\/image\/"},"sameAs":["https:\/\/rita-pereira.com"]}]}},"_links":{"self":[{"href":"https:\/\/rita-pereira.com\/en\/wp-json\/wp\/v2\/pages\/647","targetHints":{"allow":["GET"]}}],"collection":[{"href":"https:\/\/rita-pereira.com\/en\/wp-json\/wp\/v2\/pages"}],"about":[{"href":"https:\/\/rita-pereira.com\/en\/wp-json\/wp\/v2\/types\/page"}],"author":[{"embeddable":true,"href":"https:\/\/rita-pereira.com\/en\/wp-json\/wp\/v2\/users\/1"}],"replies":[{"embeddable":true,"href":"https:\/\/rita-pereira.com\/en\/wp-json\/wp\/v2\/comments?post=647"}],"version-history":[{"count":68,"href":"https:\/\/rita-pereira.com\/en\/wp-json\/wp\/v2\/pages\/647\/revisions"}],"predecessor-version":[{"id":1942,"href":"https:\/\/rita-pereira.com\/en\/wp-json\/wp\/v2\/pages\/647\/revisions\/1942"}],"wp:attachment":[{"href":"https:\/\/rita-pereira.com\/en\/wp-json\/wp\/v2\/media?parent=647"}],"curies":[{"name":"wp","href":"https:\/\/api.w.org\/{rel}","templated":true}]}}