{"id":467,"date":"2025-02-01T16:34:32","date_gmt":"2025-02-01T16:34:32","guid":{"rendered":"https:\/\/rita-pereira.com\/services\/"},"modified":"2026-02-06T17:52:00","modified_gmt":"2026-02-06T17:52:00","slug":"servicos","status":"publish","type":"page","link":"https:\/\/rita-pereira.com\/en\/servicos\/","title":{"rendered":"Services"},"content":{"rendered":"<div data-elementor-type=\"wp-page\" data-elementor-id=\"467\" class=\"elementor elementor-467\">\n\t\t\t\t<div class=\"elementor-element elementor-element-c9f99d6 e-flex e-con-boxed e-con e-parent\" data-id=\"c9f99d6\" data-element_type=\"container\" data-settings=\"{&quot;background_background&quot;:&quot;classic&quot;}\">\n\t\t\t\t\t<div class=\"e-con-inner\">\n\t\t<div class=\"elementor-element elementor-element-019d61f e-con-full e-flex e-con e-child\" data-id=\"019d61f\" data-element_type=\"container\">\n\t\t\t\t<div class=\"elementor-element elementor-element-e84f964 elementor-widget elementor-widget-heading\" data-id=\"e84f964\" data-element_type=\"widget\" data-widget_type=\"heading.default\">\n\t\t\t\t<div class=\"elementor-widget-container\">\n\t\t\t\t\t<h1 class=\"elementor-heading-title elementor-size-default\">Services<\/h1>\t\t\t\t<\/div>\n\t\t\t\t<\/div>\n\t\t\t\t<\/div>\n\t\t\t\t\t<\/div>\n\t\t\t\t<\/div>\n\t\t<div class=\"elementor-element elementor-element-73c4089c e-flex e-con-boxed e-con e-parent\" data-id=\"73c4089c\" data-element_type=\"container\" data-settings=\"{&quot;background_background&quot;:&quot;classic&quot;}\">\n\t\t\t\t\t<div class=\"e-con-inner\">\n\t\t<div class=\"elementor-element elementor-element-1f0943b7 e-con-full e-flex e-con e-child\" data-id=\"1f0943b7\" data-element_type=\"container\">\n\t\t\t\t<div class=\"elementor-element elementor-element-24391e53 elementor-widget elementor-widget-text-editor\" data-id=\"24391e53\" data-element_type=\"widget\" data-widget_type=\"text-editor.default\">\n\t\t\t\t<div class=\"elementor-widget-container\">\n\t\t\t\t\t\t\t\t\t<p>I work on brand communication in a structured and integrated manner, based on strategy, context, and business objectives. More than just creating isolated content, I develop <strong>solutions that help brands better communicate who they are, in a consistent, human, and sustainable way<\/strong>.<\/p><p><span style=\"text-decoration: underline;\"><strong>How do I work?<\/strong><\/span><\/p><p>Each project begins with a diagnosis. Before creating, I analyse the brand, the context, the audience, and the objectives. The strategy guides all decisions: from the message to the channels, from the frequency to the tone. Execution and monitoring always emerge aligned with this strategic foundation.<\/p>\t\t\t\t\t\t\t\t<\/div>\n\t\t\t\t<\/div>\n\t\t<div class=\"elementor-element elementor-element-7a9697c4 e-con-full e-flex e-con e-child\" data-id=\"7a9697c4\" data-element_type=\"container\">\n\t\t<div class=\"elementor-element elementor-element-7b8977dc e-con-full e-flex e-con e-child\" data-id=\"7b8977dc\" data-element_type=\"container\">\n\t\t\t\t<div class=\"elementor-element elementor-element-67070a1e elementor-widget elementor-widget-heading\" data-id=\"67070a1e\" data-element_type=\"widget\" data-widget_type=\"heading.default\">\n\t\t\t\t<div class=\"elementor-widget-container\">\n\t\t\t\t\t<h3 class=\"elementor-heading-title elementor-size-default\"><a href=\"https:\/\/rita-pereira.com\/en\/portfolio\/\" target=\"_blank\">Content Strategy &amp; SEO<\/a><\/h3>\t\t\t\t<\/div>\n\t\t\t\t<\/div>\n\t\t\t\t<div class=\"elementor-element elementor-element-7bc710df elementor-widget elementor-widget-text-editor\" data-id=\"7bc710df\" data-element_type=\"widget\" data-widget_type=\"text-editor.default\">\n\t\t\t\t<div class=\"elementor-widget-container\">\n\t\t\t\t\t\t\t\t\t<div class=\"elementor-element elementor-element-5d310b7 elementor-widget elementor-widget-text-editor\" data-id=\"5d310b7\" data-element_type=\"widget\" data-widget_type=\"text-editor.default\"><div class=\"elementor-widget-container\"><p data-start=\"1660\" data-end=\"1813\">Planning and developing content strategies designed to structure the brand's digital presence and support medium- and long-term growth.\u00a0<\/p><p><strong data-start=\"1815\" data-end=\"1840\">This service includes:<\/strong><\/p><ul data-start=\"1841\" data-end=\"2010\"><li data-start=\"1841\" data-end=\"1876\">Diagnosis of digital presence<\/li><li data-start=\"1877\" data-end=\"1916\">Defining a content strategy<\/li><li data-start=\"1917\" data-end=\"1942\">Editorial strategy and planning<\/li><li data-start=\"1943\" data-end=\"1977\">SEO-optimized content<\/li><li data-start=\"1978\" data-end=\"2010\">Monitoring and optimization<\/li><\/ul><p><strong data-start=\"2012\" data-end=\"2041\">Suitable for brands that: <\/strong>want to organize their content, gain consistency, and use the website as a strategic asset.<\/p><\/div><\/div>\t\t\t\t\t\t\t\t<\/div>\n\t\t\t\t<\/div>\n\t\t\t\t<\/div>\n\t\t<div class=\"elementor-element elementor-element-1c4d42bc e-con-full e-flex e-con e-child\" data-id=\"1c4d42bc\" data-element_type=\"container\">\n\t\t\t\t<div class=\"elementor-element elementor-element-290adedd elementor-widget elementor-widget-heading\" data-id=\"290adedd\" data-element_type=\"widget\" data-widget_type=\"heading.default\">\n\t\t\t\t<div class=\"elementor-widget-container\">\n\t\t\t\t\t<h3 class=\"elementor-heading-title elementor-size-default\"><a href=\"https:\/\/rita-pereira.com\/en\/contactos\/\" target=\"_blank\">Copywriting<\/a><\/h3>\t\t\t\t<\/div>\n\t\t\t\t<\/div>\n\t\t\t\t<div class=\"elementor-element elementor-element-2b4819f elementor-widget elementor-widget-text-editor\" data-id=\"2b4819f\" data-element_type=\"widget\" data-widget_type=\"text-editor.default\">\n\t\t\t\t<div class=\"elementor-widget-container\">\n\t\t\t\t\t\t\t\t\t<p>Developing strategic messages aligned with brand positioning and communication and conversion objectives.<\/p><p><span style=\"font-size: 16px;\"><strong>This service includes:<\/strong><br \/><\/span><\/p><ul><li><span style=\"font-size: 16px;\">Defining a value proposal<\/span><\/li><li data-start=\"2347\" data-end=\"2385\">Copy for werbsites and landing pages<\/li><li data-start=\"2386\" data-end=\"2425\">Texts for campaigns and launches<\/li><li data-start=\"2426\" data-end=\"2466\">Adjustments aimed at clarity and action.<\/li><\/ul><p><strong data-start=\"2468\" data-end=\"2497\">Suitable for brands that: <\/strong>need to clarify their message and communicate with more intent.<\/p>\t\t\t\t\t\t\t\t<\/div>\n\t\t\t\t<\/div>\n\t\t\t\t<\/div>\n\t\t\t\t<\/div>\n\t\t<div class=\"elementor-element elementor-element-5922dcd5 e-con-full e-flex e-con e-child\" data-id=\"5922dcd5\" data-element_type=\"container\">\n\t\t<div class=\"elementor-element elementor-element-3247b9ea e-con-full e-flex e-con e-child\" data-id=\"3247b9ea\" data-element_type=\"container\">\n\t\t\t\t<div class=\"elementor-element elementor-element-3d8eb06b elementor-widget elementor-widget-heading\" data-id=\"3d8eb06b\" data-element_type=\"widget\" data-widget_type=\"heading.default\">\n\t\t\t\t<div class=\"elementor-widget-container\">\n\t\t\t\t\t<h3 class=\"elementor-heading-title elementor-size-default\"><a href=\"https:\/\/rita-pereira.com\/en\/contactos\/\" target=\"_blank\">Social Media<\/a><\/h3>\t\t\t\t<\/div>\n\t\t\t\t<\/div>\n\t\t\t\t<div class=\"elementor-element elementor-element-2d8ff6f3 elementor-widget elementor-widget-text-editor\" data-id=\"2d8ff6f3\" data-element_type=\"widget\" data-widget_type=\"text-editor.default\">\n\t\t\t\t<div class=\"elementor-widget-container\">\n\t\t\t\t\t\t\t\t\t<p>Strategic management of the brand's presence on social media, focusing on consistency, identity, and audience engagement.<\/p><p><strong data-start=\"2717\" data-end=\"2742\">This service includes:<\/strong><\/p><ul data-start=\"2743\" data-end=\"2908\"><li data-start=\"2743\" data-end=\"2779\">Complete social media management<\/li><li data-start=\"2780\" data-end=\"2827\">Profile analysis and strategic diagnosis<\/li><li data-start=\"2828\" data-end=\"2870\">Personalized consulting and guidance<\/li><li data-start=\"2871\" data-end=\"2908\">Content planning and copywriting<\/li><\/ul><p><strong data-start=\"2910\" data-end=\"2939\">Suitable for brands that: <\/strong>want a continuous and consistent presence, without depending solely on specific moments.<\/p>\t\t\t\t\t\t\t\t<\/div>\n\t\t\t\t<\/div>\n\t\t\t\t<\/div>\n\t\t<div class=\"elementor-element elementor-element-6e5131b2 e-con-full e-flex e-con e-child\" data-id=\"6e5131b2\" data-element_type=\"container\">\n\t\t\t\t<div class=\"elementor-element elementor-element-34661534 elementor-widget elementor-widget-heading\" data-id=\"34661534\" data-element_type=\"widget\" data-widget_type=\"heading.default\">\n\t\t\t\t<div class=\"elementor-widget-container\">\n\t\t\t\t\t<h3 class=\"elementor-heading-title elementor-size-default\">Education\/Training<\/h3>\t\t\t\t<\/div>\n\t\t\t\t<\/div>\n\t\t\t\t<div class=\"elementor-element elementor-element-5cd9efb4 elementor-widget elementor-widget-text-editor\" data-id=\"5cd9efb4\" data-element_type=\"widget\" data-widget_type=\"text-editor.default\">\n\t\t\t\t<div class=\"elementor-widget-container\">\n\t\t\t\t\t\t\t\t\t<p>Practical training in digital communication, adapted to real-world business contexts and specific needs.<\/p><p><strong data-start=\"3152\" data-end=\"3177\">This service includes:<\/strong><\/p><ul data-start=\"3178\" data-end=\"3307\"><li data-start=\"3178\" data-end=\"3220\">Training in copywriting and digital content<\/li><li data-start=\"3221\" data-end=\"3250\">Social media training<\/li><li data-start=\"3251\" data-end=\"3307\">Customized sessions for teams or professionals.<\/li><\/ul><p><strong data-start=\"3309\" data-end=\"3354\">Recommended for brands and professionals who: <\/strong>want to gain autonomy and strategic thinking.<\/p>\t\t\t\t\t\t\t\t<\/div>\n\t\t\t\t<\/div>\n\t\t\t\t<\/div>\n\t\t\t\t<\/div>\n\t\t\t\t<\/div>\n\t\t\t\t\t<\/div>\n\t\t\t\t<\/div>\n\t\t<div class=\"elementor-element elementor-element-2938450 e-con-full e-flex e-con e-parent\" data-id=\"2938450\" data-element_type=\"container\">\n\t\t\t\t<div class=\"elementor-element elementor-element-39a2b75 elementor-button-warning elementor-align-center elementor-widget-tablet__width-initial elementor-widget elementor-widget-button\" data-id=\"39a2b75\" data-element_type=\"widget\" data-widget_type=\"button.default\">\n\t\t\t\t<div class=\"elementor-widget-container\">\n\t\t\t\t\t\t\t\t\t<div class=\"elementor-button-wrapper\">\n\t\t\t\t\t<a class=\"elementor-button elementor-button-link elementor-size-sm\" href=\"https:\/\/rita-pereira.com\/en\/contactos\/\" target=\"_blank\">\n\t\t\t\t\t\t<span class=\"elementor-button-content-wrapper\">\n\t\t\t\t\t\t\t\t\t<span class=\"elementor-button-text\">Do you want to understand which of these services makes the most sense for your brand or business? We can talk and analyze your context.<\/span>\n\t\t\t\t\t<\/span>\n\t\t\t\t\t<\/a>\n\t\t\t\t<\/div>\n\t\t\t\t\t\t\t\t<\/div>\n\t\t\t\t<\/div>\n\t\t\t\t<\/div>\n\t\t\t\t<\/div>","protected":false},"excerpt":{"rendered":"<p>Servi\u00e7os Trabalho a comunica\u00e7\u00e3o de marcas de forma estruturada e integrada, com base em estrat\u00e9gia, contexto e objetivos de neg\u00f3cio. Mais do que criar conte\u00fados isolados, desenvolvo solu\u00e7\u00f5es que ajudam as marcas a comunicar melhor quem s\u00e3o, de forma consistente, humana e sustent\u00e1vel. Como trabalho? Cada projeto come\u00e7a com um diagn\u00f3stico. Antes de criar, analiso [&hellip;]<\/p>","protected":false},"author":1,"featured_media":1639,"parent":0,"menu_order":0,"comment_status":"closed","ping_status":"closed","template":"","meta":{"site-sidebar-layout":"no-sidebar","site-content-layout":"page-builder","ast-site-content-layout":"full-width-container","site-content-style":"unboxed","site-sidebar-style":"unboxed","ast-global-header-display":"","ast-banner-title-visibility":"","ast-main-header-display":"","ast-hfb-above-header-display":"","ast-hfb-below-header-display":"","ast-hfb-mobile-header-display":"","site-post-title":"disabled","ast-breadcrumbs-content":"disabled","ast-featured-img":"disabled","footer-sml-layout":"","theme-transparent-header-meta":"enabled","adv-header-id-meta":"","stick-header-meta":"","header-above-stick-meta":"","header-main-stick-meta":"","header-below-stick-meta":"","astra-migrate-meta-layouts":"set","ast-page-background-enabled":"default","ast-page-background-meta":{"desktop":{"background-color":"var(--ast-global-color-4)","background-image":"","background-repeat":"repeat","background-position":"center center","background-size":"auto","background-attachment":"scroll","background-type":"","background-media":"","overlay-type":"","overlay-color":"","overlay-opacity":"","overlay-gradient":""},"tablet":{"background-color":"","background-image":"","background-repeat":"repeat","background-position":"center center","background-size":"auto","background-attachment":"scroll","background-type":"","background-media":"","overlay-type":"","overlay-color":"","overlay-opacity":"","overlay-gradient":""},"mobile":{"background-color":"","background-image":"","background-repeat":"repeat","background-position":"center center","background-size":"auto","background-attachment":"scroll","background-type":"","background-media":"","overlay-type":"","overlay-color":"","overlay-opacity":"","overlay-gradient":""}},"ast-content-background-meta":{"desktop":{"background-color":"var(--ast-global-color-5)","background-image":"","background-repeat":"repeat","background-position":"center center","background-size":"auto","background-attachment":"scroll","background-type":"","background-media":"","overlay-type":"","overlay-color":"","overlay-opacity":"","overlay-gradient":""},"tablet":{"background-color":"var(--ast-global-color-5)","background-image":"","background-repeat":"repeat","background-position":"center center","background-size":"auto","background-attachment":"scroll","background-type":"","background-media":"","overlay-type":"","overlay-color":"","overlay-opacity":"","overlay-gradient":""},"mobile":{"background-color":"var(--ast-global-color-5)","background-image":"","background-repeat":"repeat","background-position":"center center","background-size":"auto","background-attachment":"scroll","background-type":"","background-media":"","overlay-type":"","overlay-color":"","overlay-opacity":"","overlay-gradient":""}},"footnotes":""},"class_list":["post-467","page","type-page","status-publish","has-post-thumbnail","hentry"],"yoast_head":"<!-- This site is optimized with the Yoast SEO plugin v26.7 - https:\/\/yoast.com\/wordpress\/plugins\/seo\/ -->\n<title>Servi\u00e7os - Rita Pereira | SEO Content Writer<\/title>\n<meta name=\"description\" content=\"Em que posso ajudar? Estes s\u00e3o os servi\u00e7os que disponibilizo: estrat\u00e9gia de conte\u00faduo &amp; SEO, copywriting, gest\u00e3o de redes sociais e forma\u00e7\u00e3o.\" \/>\n<meta name=\"robots\" content=\"index, follow, max-snippet:-1, max-image-preview:large, max-video-preview:-1\" \/>\n<link rel=\"canonical\" href=\"https:\/\/rita-pereira.com\/en\/servicos\/\" \/>\n<meta property=\"og:locale\" content=\"en_GB\" \/>\n<meta property=\"og:type\" content=\"article\" \/>\n<meta property=\"og:title\" content=\"Servi\u00e7os - Rita Pereira | SEO Content Writer\" \/>\n<meta property=\"og:description\" content=\"Em que posso ajudar? Estes s\u00e3o os servi\u00e7os que disponibilizo: estrat\u00e9gia de conte\u00faduo &amp; SEO, copywriting, gest\u00e3o de redes sociais e forma\u00e7\u00e3o.\" \/>\n<meta property=\"og:url\" content=\"https:\/\/rita-pereira.com\/en\/servicos\/\" \/>\n<meta property=\"og:site_name\" content=\"Rita Pereira | SEO Content Writer\" \/>\n<meta property=\"article:modified_time\" content=\"2026-02-06T17:52:00+00:00\" \/>\n<meta property=\"og:image\" content=\"https:\/\/rita-pereira.com\/wp-content\/uploads\/2025\/02\/Rita-Pereira_Jacinta-Arau\u0301jo-Photography-42-scaled.webp\" \/>\n\t<meta property=\"og:image:width\" content=\"1705\" \/>\n\t<meta property=\"og:image:height\" content=\"2560\" \/>\n\t<meta property=\"og:image:type\" content=\"image\/jpeg\" \/>\n<meta name=\"twitter:card\" content=\"summary_large_image\" \/>\n<meta name=\"twitter:label1\" content=\"Estimated reading time\" \/>\n\t<meta name=\"twitter:data1\" content=\"3 minutes\" \/>\n<script type=\"application\/ld+json\" class=\"yoast-schema-graph\">{\"@context\":\"https:\/\/schema.org\",\"@graph\":[{\"@type\":\"WebPage\",\"@id\":\"https:\/\/rita-pereira.com\/servicos\/\",\"url\":\"https:\/\/rita-pereira.com\/servicos\/\",\"name\":\"Servi\u00e7os - Rita Pereira | SEO Content Writer\",\"isPartOf\":{\"@id\":\"https:\/\/rita-pereira.com\/#website\"},\"primaryImageOfPage\":{\"@id\":\"https:\/\/rita-pereira.com\/servicos\/#primaryimage\"},\"image\":{\"@id\":\"https:\/\/rita-pereira.com\/servicos\/#primaryimage\"},\"thumbnailUrl\":\"https:\/\/rita-pereira.com\/wp-content\/uploads\/2025\/02\/Rita-Pereira_Jacinta-Arau\u0301jo-Photography-42-scaled.webp\",\"datePublished\":\"2025-02-01T16:34:32+00:00\",\"dateModified\":\"2026-02-06T17:52:00+00:00\",\"description\":\"Em que posso ajudar? Estes s\u00e3o os servi\u00e7os que disponibilizo: estrat\u00e9gia de conte\u00faduo & SEO, copywriting, gest\u00e3o de redes sociais e forma\u00e7\u00e3o.\",\"breadcrumb\":{\"@id\":\"https:\/\/rita-pereira.com\/servicos\/#breadcrumb\"},\"inLanguage\":\"en-GB\",\"potentialAction\":[{\"@type\":\"ReadAction\",\"target\":[\"https:\/\/rita-pereira.com\/servicos\/\"]}]},{\"@type\":\"ImageObject\",\"inLanguage\":\"en-GB\",\"@id\":\"https:\/\/rita-pereira.com\/servicos\/#primaryimage\",\"url\":\"https:\/\/rita-pereira.com\/wp-content\/uploads\/2025\/02\/Rita-Pereira_Jacinta-Arau\u0301jo-Photography-42-scaled.webp\",\"contentUrl\":\"https:\/\/rita-pereira.com\/wp-content\/uploads\/2025\/02\/Rita-Pereira_Jacinta-Arau\u0301jo-Photography-42-scaled.webp\",\"width\":1705,\"height\":2560,\"caption\":\"Servi\u00e7os Rita Pereira\"},{\"@type\":\"BreadcrumbList\",\"@id\":\"https:\/\/rita-pereira.com\/servicos\/#breadcrumb\",\"itemListElement\":[{\"@type\":\"ListItem\",\"position\":1,\"name\":\"In\u00edcio\",\"item\":\"https:\/\/rita-pereira.com\/\"},{\"@type\":\"ListItem\",\"position\":2,\"name\":\"Servi\u00e7os\"}]},{\"@type\":\"WebSite\",\"@id\":\"https:\/\/rita-pereira.com\/#website\",\"url\":\"https:\/\/rita-pereira.com\/\",\"name\":\"Rita Pereira | SEO Content Writer\",\"description\":\"Rita Pereira | SEO Content Writer\",\"publisher\":{\"@id\":\"https:\/\/rita-pereira.com\/#\/schema\/person\/6d1a825a0be7d492426e6d99237a9c3e\"},\"alternateName\":\"Rita Pereira\",\"potentialAction\":[{\"@type\":\"SearchAction\",\"target\":{\"@type\":\"EntryPoint\",\"urlTemplate\":\"https:\/\/rita-pereira.com\/?s={search_term_string}\"},\"query-input\":{\"@type\":\"PropertyValueSpecification\",\"valueRequired\":true,\"valueName\":\"search_term_string\"}}],\"inLanguage\":\"en-GB\"},{\"@type\":[\"Person\",\"Organization\"],\"@id\":\"https:\/\/rita-pereira.com\/#\/schema\/person\/6d1a825a0be7d492426e6d99237a9c3e\",\"name\":\"admin\",\"image\":{\"@type\":\"ImageObject\",\"inLanguage\":\"en-GB\",\"@id\":\"https:\/\/rita-pereira.com\/#\/schema\/person\/image\/\",\"url\":\"https:\/\/rita-pereira.com\/wp-content\/uploads\/2025\/02\/cropped-Logo-1-png-1.webp\",\"contentUrl\":\"https:\/\/rita-pereira.com\/wp-content\/uploads\/2025\/02\/cropped-Logo-1-png-1.webp\",\"width\":512,\"height\":512,\"caption\":\"admin\"},\"logo\":{\"@id\":\"https:\/\/rita-pereira.com\/#\/schema\/person\/image\/\"},\"sameAs\":[\"https:\/\/rita-pereira.com\"]}]}<\/script>\n<!-- \/ Yoast SEO plugin. -->","yoast_head_json":{"title":"Servi\u00e7os - Rita Pereira | SEO Content Writer","description":"Em que posso ajudar? Estes s\u00e3o os servi\u00e7os que disponibilizo: estrat\u00e9gia de conte\u00faduo & SEO, copywriting, gest\u00e3o de redes sociais e forma\u00e7\u00e3o.","robots":{"index":"index","follow":"follow","max-snippet":"max-snippet:-1","max-image-preview":"max-image-preview:large","max-video-preview":"max-video-preview:-1"},"canonical":"https:\/\/rita-pereira.com\/en\/servicos\/","og_locale":"en_GB","og_type":"article","og_title":"Servi\u00e7os - Rita Pereira | SEO Content Writer","og_description":"Em que posso ajudar? Estes s\u00e3o os servi\u00e7os que disponibilizo: estrat\u00e9gia de conte\u00faduo & SEO, copywriting, gest\u00e3o de redes sociais e forma\u00e7\u00e3o.","og_url":"https:\/\/rita-pereira.com\/en\/servicos\/","og_site_name":"Rita Pereira | SEO Content Writer","article_modified_time":"2026-02-06T17:52:00+00:00","og_image":[{"width":1705,"height":2560,"url":"https:\/\/rita-pereira.com\/wp-content\/uploads\/2025\/02\/Rita-Pereira_Jacinta-Arau\u0301jo-Photography-42-scaled.webp","type":"image\/jpeg"}],"twitter_card":"summary_large_image","twitter_misc":{"Estimated reading time":"3 minutes"},"schema":{"@context":"https:\/\/schema.org","@graph":[{"@type":"WebPage","@id":"https:\/\/rita-pereira.com\/servicos\/","url":"https:\/\/rita-pereira.com\/servicos\/","name":"Servi\u00e7os - Rita Pereira | SEO Content Writer","isPartOf":{"@id":"https:\/\/rita-pereira.com\/#website"},"primaryImageOfPage":{"@id":"https:\/\/rita-pereira.com\/servicos\/#primaryimage"},"image":{"@id":"https:\/\/rita-pereira.com\/servicos\/#primaryimage"},"thumbnailUrl":"https:\/\/rita-pereira.com\/wp-content\/uploads\/2025\/02\/Rita-Pereira_Jacinta-Arau\u0301jo-Photography-42-scaled.webp","datePublished":"2025-02-01T16:34:32+00:00","dateModified":"2026-02-06T17:52:00+00:00","description":"Em que posso ajudar? Estes s\u00e3o os servi\u00e7os que disponibilizo: estrat\u00e9gia de conte\u00faduo & SEO, copywriting, gest\u00e3o de redes sociais e forma\u00e7\u00e3o.","breadcrumb":{"@id":"https:\/\/rita-pereira.com\/servicos\/#breadcrumb"},"inLanguage":"en-GB","potentialAction":[{"@type":"ReadAction","target":["https:\/\/rita-pereira.com\/servicos\/"]}]},{"@type":"ImageObject","inLanguage":"en-GB","@id":"https:\/\/rita-pereira.com\/servicos\/#primaryimage","url":"https:\/\/rita-pereira.com\/wp-content\/uploads\/2025\/02\/Rita-Pereira_Jacinta-Arau\u0301jo-Photography-42-scaled.webp","contentUrl":"https:\/\/rita-pereira.com\/wp-content\/uploads\/2025\/02\/Rita-Pereira_Jacinta-Arau\u0301jo-Photography-42-scaled.webp","width":1705,"height":2560,"caption":"Servi\u00e7os Rita Pereira"},{"@type":"BreadcrumbList","@id":"https:\/\/rita-pereira.com\/servicos\/#breadcrumb","itemListElement":[{"@type":"ListItem","position":1,"name":"In\u00edcio","item":"https:\/\/rita-pereira.com\/"},{"@type":"ListItem","position":2,"name":"Servi\u00e7os"}]},{"@type":"WebSite","@id":"https:\/\/rita-pereira.com\/#website","url":"https:\/\/rita-pereira.com\/","name":"Rita Pereira | SEO Content Writer","description":"Rita Pereira | SEO Content Writer","publisher":{"@id":"https:\/\/rita-pereira.com\/#\/schema\/person\/6d1a825a0be7d492426e6d99237a9c3e"},"alternateName":"Rita Pereira","potentialAction":[{"@type":"SearchAction","target":{"@type":"EntryPoint","urlTemplate":"https:\/\/rita-pereira.com\/?s={search_term_string}"},"query-input":{"@type":"PropertyValueSpecification","valueRequired":true,"valueName":"search_term_string"}}],"inLanguage":"en-GB"},{"@type":["Person","Organization"],"@id":"https:\/\/rita-pereira.com\/#\/schema\/person\/6d1a825a0be7d492426e6d99237a9c3e","name":"admin","image":{"@type":"ImageObject","inLanguage":"en-GB","@id":"https:\/\/rita-pereira.com\/#\/schema\/person\/image\/","url":"https:\/\/rita-pereira.com\/wp-content\/uploads\/2025\/02\/cropped-Logo-1-png-1.webp","contentUrl":"https:\/\/rita-pereira.com\/wp-content\/uploads\/2025\/02\/cropped-Logo-1-png-1.webp","width":512,"height":512,"caption":"admin"},"logo":{"@id":"https:\/\/rita-pereira.com\/#\/schema\/person\/image\/"},"sameAs":["https:\/\/rita-pereira.com"]}]}},"_links":{"self":[{"href":"https:\/\/rita-pereira.com\/en\/wp-json\/wp\/v2\/pages\/467","targetHints":{"allow":["GET"]}}],"collection":[{"href":"https:\/\/rita-pereira.com\/en\/wp-json\/wp\/v2\/pages"}],"about":[{"href":"https:\/\/rita-pereira.com\/en\/wp-json\/wp\/v2\/types\/page"}],"author":[{"embeddable":true,"href":"https:\/\/rita-pereira.com\/en\/wp-json\/wp\/v2\/users\/1"}],"replies":[{"embeddable":true,"href":"https:\/\/rita-pereira.com\/en\/wp-json\/wp\/v2\/comments?post=467"}],"version-history":[{"count":38,"href":"https:\/\/rita-pereira.com\/en\/wp-json\/wp\/v2\/pages\/467\/revisions"}],"predecessor-version":[{"id":1907,"href":"https:\/\/rita-pereira.com\/en\/wp-json\/wp\/v2\/pages\/467\/revisions\/1907"}],"wp:featuredmedia":[{"embeddable":true,"href":"https:\/\/rita-pereira.com\/en\/wp-json\/wp\/v2\/media\/1639"}],"wp:attachment":[{"href":"https:\/\/rita-pereira.com\/en\/wp-json\/wp\/v2\/media?parent=467"}],"curies":[{"name":"wp","href":"https:\/\/api.w.org\/{rel}","templated":true}]}}