{"id":1944,"date":"2026-03-16T14:20:40","date_gmt":"2026-03-16T14:20:40","guid":{"rendered":"https:\/\/rita-pereira.com\/?page_id=1944"},"modified":"2026-03-16T14:24:01","modified_gmt":"2026-03-16T14:24:01","slug":"newsletterctrlrita","status":"publish","type":"page","link":"https:\/\/rita-pereira.com\/en\/newsletterctrlrita\/","title":{"rendered":"CTRL+Rita"},"content":{"rendered":"<style>\n  \/* Isso remove as margens que o WordPress coloca por padr\u00e3o *\/\n  body, .entry-content { margin: 0 !important; padding: 0 !important; max-width: 100% !important; }\n<\/style>\n\n<iframe \n    src=\"https:\/\/ctrlrita.lovable.app\/\" \n    style=\"position:fixed; top:0; left:0; bottom:0; right:0; width:100%; height:100%; border:none; margin:0; padding:0; overflow:hidden; z-index:999999;\" \n    title=\"Newsletter\">\n<\/iframe>\n\n\n\n<p><\/p>","protected":false},"excerpt":{"rendered":"","protected":false},"author":1,"featured_media":0,"parent":0,"menu_order":0,"comment_status":"closed","ping_status":"closed","template":"elementor_canvas","meta":{"site-sidebar-layout":"default","site-content-layout":"","ast-site-content-layout":"default","site-content-style":"default","site-sidebar-style":"default","ast-global-header-display":"","ast-banner-title-visibility":"","ast-main-header-display":"","ast-hfb-above-header-display":"","ast-hfb-below-header-display":"","ast-hfb-mobile-header-display":"","site-post-title":"disabled","ast-breadcrumbs-content":"","ast-featured-img":"","footer-sml-layout":"","theme-transparent-header-meta":"","adv-header-id-meta":"","stick-header-meta":"","header-above-stick-meta":"","header-main-stick-meta":"","header-below-stick-meta":"","astra-migrate-meta-layouts":"set","ast-page-background-enabled":"default","ast-page-background-meta":{"desktop":{"background-color":"var(--ast-global-color-4)","background-image":"","background-repeat":"repeat","background-position":"center center","background-size":"auto","background-attachment":"scroll","background-type":"","background-media":"","overlay-type":"","overlay-color":"","overlay-opacity":"","overlay-gradient":""},"tablet":{"background-color":"","background-image":"","background-repeat":"repeat","background-position":"center center","background-size":"auto","background-attachment":"scroll","background-type":"","background-media":"","overlay-type":"","overlay-color":"","overlay-opacity":"","overlay-gradient":""},"mobile":{"background-color":"","background-image":"","background-repeat":"repeat","background-position":"center center","background-size":"auto","background-attachment":"scroll","background-type":"","background-media":"","overlay-type":"","overlay-color":"","overlay-opacity":"","overlay-gradient":""}},"ast-content-background-meta":{"desktop":{"background-color":"var(--ast-global-color-5)","background-image":"","background-repeat":"repeat","background-position":"center center","background-size":"auto","background-attachment":"scroll","background-type":"","background-media":"","overlay-type":"","overlay-color":"","overlay-opacity":"","overlay-gradient":""},"tablet":{"background-color":"var(--ast-global-color-5)","background-image":"","background-repeat":"repeat","background-position":"center center","background-size":"auto","background-attachment":"scroll","background-type":"","background-media":"","overlay-type":"","overlay-color":"","overlay-opacity":"","overlay-gradient":""},"mobile":{"background-color":"var(--ast-global-color-5)","background-image":"","background-repeat":"repeat","background-position":"center center","background-size":"auto","background-attachment":"scroll","background-type":"","background-media":"","overlay-type":"","overlay-color":"","overlay-opacity":"","overlay-gradient":""}},"footnotes":""},"class_list":["post-1944","page","type-page","status-publish","hentry"],"yoast_head":"<!-- This site is optimized with the Yoast SEO plugin v26.7 - https:\/\/yoast.com\/wordpress\/plugins\/seo\/ -->\n<title>CTRL+Rita - Rita Pereira | SEO Content Writer<\/title>\n<meta name=\"description\" content=\"Pensa melhor, comunica melhor. Junta-te \u00e0 CTRL+Rita e recebe no teu e-mail a dose semanal de clareza que a tua comunica\u00e7\u00e3o precisa\" \/>\n<meta name=\"robots\" content=\"index, follow, max-snippet:-1, max-image-preview:large, max-video-preview:-1\" \/>\n<link rel=\"canonical\" href=\"https:\/\/rita-pereira.com\/en\/newsletterctrlrita\/\" \/>\n<meta property=\"og:locale\" content=\"en_GB\" \/>\n<meta property=\"og:type\" content=\"article\" \/>\n<meta property=\"og:title\" content=\"CTRL+Rita - Rita Pereira | SEO Content Writer\" \/>\n<meta property=\"og:description\" content=\"Pensa melhor, comunica melhor. Junta-te \u00e0 CTRL+Rita e recebe no teu e-mail a dose semanal de clareza que a tua comunica\u00e7\u00e3o precisa\" \/>\n<meta property=\"og:url\" content=\"https:\/\/rita-pereira.com\/en\/newsletterctrlrita\/\" \/>\n<meta property=\"og:site_name\" content=\"Rita Pereira | SEO Content Writer\" \/>\n<meta property=\"article:modified_time\" content=\"2026-03-16T14:24:01+00:00\" \/>\n<meta property=\"og:image\" content=\"https:\/\/rita-pereira.com\/wp-content\/uploads\/2025\/02\/Logo-1-png.webp\" \/>\n\t<meta property=\"og:image:width\" content=\"500\" \/>\n\t<meta property=\"og:image:height\" content=\"500\" \/>\n\t<meta property=\"og:image:type\" content=\"image\/png\" \/>\n<meta name=\"twitter:card\" content=\"summary_large_image\" \/>\n<script type=\"application\/ld+json\" class=\"yoast-schema-graph\">{\"@context\":\"https:\/\/schema.org\",\"@graph\":[{\"@type\":\"WebPage\",\"@id\":\"https:\/\/rita-pereira.com\/newsletterctrlrita\/\",\"url\":\"https:\/\/rita-pereira.com\/newsletterctrlrita\/\",\"name\":\"CTRL+Rita - Rita Pereira | SEO Content Writer\",\"isPartOf\":{\"@id\":\"https:\/\/rita-pereira.com\/#website\"},\"datePublished\":\"2026-03-16T14:20:40+00:00\",\"dateModified\":\"2026-03-16T14:24:01+00:00\",\"description\":\"Pensa melhor, comunica melhor. Junta-te \u00e0 CTRL+Rita e recebe no teu e-mail a dose semanal de clareza que a tua comunica\u00e7\u00e3o precisa\",\"breadcrumb\":{\"@id\":\"https:\/\/rita-pereira.com\/newsletterctrlrita\/#breadcrumb\"},\"inLanguage\":\"en-GB\",\"potentialAction\":[{\"@type\":\"ReadAction\",\"target\":[\"https:\/\/rita-pereira.com\/newsletterctrlrita\/\"]}]},{\"@type\":\"BreadcrumbList\",\"@id\":\"https:\/\/rita-pereira.com\/newsletterctrlrita\/#breadcrumb\",\"itemListElement\":[{\"@type\":\"ListItem\",\"position\":1,\"name\":\"In\u00edcio\",\"item\":\"https:\/\/rita-pereira.com\/\"},{\"@type\":\"ListItem\",\"position\":2,\"name\":\"CTRL+Rita\"}]},{\"@type\":\"WebSite\",\"@id\":\"https:\/\/rita-pereira.com\/#website\",\"url\":\"https:\/\/rita-pereira.com\/\",\"name\":\"Rita Pereira | SEO Content Writer\",\"description\":\"Rita Pereira | SEO Content Writer\",\"publisher\":{\"@id\":\"https:\/\/rita-pereira.com\/#\/schema\/person\/6d1a825a0be7d492426e6d99237a9c3e\"},\"alternateName\":\"Rita Pereira\",\"potentialAction\":[{\"@type\":\"SearchAction\",\"target\":{\"@type\":\"EntryPoint\",\"urlTemplate\":\"https:\/\/rita-pereira.com\/?s={search_term_string}\"},\"query-input\":{\"@type\":\"PropertyValueSpecification\",\"valueRequired\":true,\"valueName\":\"search_term_string\"}}],\"inLanguage\":\"en-GB\"},{\"@type\":[\"Person\",\"Organization\"],\"@id\":\"https:\/\/rita-pereira.com\/#\/schema\/person\/6d1a825a0be7d492426e6d99237a9c3e\",\"name\":\"admin\",\"image\":{\"@type\":\"ImageObject\",\"inLanguage\":\"en-GB\",\"@id\":\"https:\/\/rita-pereira.com\/#\/schema\/person\/image\/\",\"url\":\"https:\/\/rita-pereira.com\/wp-content\/uploads\/2025\/02\/cropped-Logo-1-png-1.webp\",\"contentUrl\":\"https:\/\/rita-pereira.com\/wp-content\/uploads\/2025\/02\/cropped-Logo-1-png-1.webp\",\"width\":512,\"height\":512,\"caption\":\"admin\"},\"logo\":{\"@id\":\"https:\/\/rita-pereira.com\/#\/schema\/person\/image\/\"},\"sameAs\":[\"https:\/\/rita-pereira.com\"]}]}<\/script>\n<!-- \/ Yoast SEO plugin. -->","yoast_head_json":{"title":"CTRL+Rita - Rita Pereira | SEO Content Writer","description":"Pensa melhor, comunica melhor. Junta-te \u00e0 CTRL+Rita e recebe no teu e-mail a dose semanal de clareza que a tua comunica\u00e7\u00e3o precisa","robots":{"index":"index","follow":"follow","max-snippet":"max-snippet:-1","max-image-preview":"max-image-preview:large","max-video-preview":"max-video-preview:-1"},"canonical":"https:\/\/rita-pereira.com\/en\/newsletterctrlrita\/","og_locale":"en_GB","og_type":"article","og_title":"CTRL+Rita - Rita Pereira | SEO Content Writer","og_description":"Pensa melhor, comunica melhor. Junta-te \u00e0 CTRL+Rita e recebe no teu e-mail a dose semanal de clareza que a tua comunica\u00e7\u00e3o precisa","og_url":"https:\/\/rita-pereira.com\/en\/newsletterctrlrita\/","og_site_name":"Rita Pereira | SEO Content Writer","article_modified_time":"2026-03-16T14:24:01+00:00","og_image":[{"width":500,"height":500,"url":"https:\/\/rita-pereira.com\/wp-content\/uploads\/2025\/02\/Logo-1-png.webp","type":"image\/png"}],"twitter_card":"summary_large_image","schema":{"@context":"https:\/\/schema.org","@graph":[{"@type":"WebPage","@id":"https:\/\/rita-pereira.com\/newsletterctrlrita\/","url":"https:\/\/rita-pereira.com\/newsletterctrlrita\/","name":"CTRL+Rita - Rita Pereira | SEO Content Writer","isPartOf":{"@id":"https:\/\/rita-pereira.com\/#website"},"datePublished":"2026-03-16T14:20:40+00:00","dateModified":"2026-03-16T14:24:01+00:00","description":"Pensa melhor, comunica melhor. Junta-te \u00e0 CTRL+Rita e recebe no teu e-mail a dose semanal de clareza que a tua comunica\u00e7\u00e3o precisa","breadcrumb":{"@id":"https:\/\/rita-pereira.com\/newsletterctrlrita\/#breadcrumb"},"inLanguage":"en-GB","potentialAction":[{"@type":"ReadAction","target":["https:\/\/rita-pereira.com\/newsletterctrlrita\/"]}]},{"@type":"BreadcrumbList","@id":"https:\/\/rita-pereira.com\/newsletterctrlrita\/#breadcrumb","itemListElement":[{"@type":"ListItem","position":1,"name":"In\u00edcio","item":"https:\/\/rita-pereira.com\/"},{"@type":"ListItem","position":2,"name":"CTRL+Rita"}]},{"@type":"WebSite","@id":"https:\/\/rita-pereira.com\/#website","url":"https:\/\/rita-pereira.com\/","name":"Rita Pereira | SEO Content Writer","description":"Rita Pereira | SEO Content Writer","publisher":{"@id":"https:\/\/rita-pereira.com\/#\/schema\/person\/6d1a825a0be7d492426e6d99237a9c3e"},"alternateName":"Rita Pereira","potentialAction":[{"@type":"SearchAction","target":{"@type":"EntryPoint","urlTemplate":"https:\/\/rita-pereira.com\/?s={search_term_string}"},"query-input":{"@type":"PropertyValueSpecification","valueRequired":true,"valueName":"search_term_string"}}],"inLanguage":"en-GB"},{"@type":["Person","Organization"],"@id":"https:\/\/rita-pereira.com\/#\/schema\/person\/6d1a825a0be7d492426e6d99237a9c3e","name":"admin","image":{"@type":"ImageObject","inLanguage":"en-GB","@id":"https:\/\/rita-pereira.com\/#\/schema\/person\/image\/","url":"https:\/\/rita-pereira.com\/wp-content\/uploads\/2025\/02\/cropped-Logo-1-png-1.webp","contentUrl":"https:\/\/rita-pereira.com\/wp-content\/uploads\/2025\/02\/cropped-Logo-1-png-1.webp","width":512,"height":512,"caption":"admin"},"logo":{"@id":"https:\/\/rita-pereira.com\/#\/schema\/person\/image\/"},"sameAs":["https:\/\/rita-pereira.com"]}]}},"_links":{"self":[{"href":"https:\/\/rita-pereira.com\/en\/wp-json\/wp\/v2\/pages\/1944","targetHints":{"allow":["GET"]}}],"collection":[{"href":"https:\/\/rita-pereira.com\/en\/wp-json\/wp\/v2\/pages"}],"about":[{"href":"https:\/\/rita-pereira.com\/en\/wp-json\/wp\/v2\/types\/page"}],"author":[{"embeddable":true,"href":"https:\/\/rita-pereira.com\/en\/wp-json\/wp\/v2\/users\/1"}],"replies":[{"embeddable":true,"href":"https:\/\/rita-pereira.com\/en\/wp-json\/wp\/v2\/comments?post=1944"}],"version-history":[{"count":3,"href":"https:\/\/rita-pereira.com\/en\/wp-json\/wp\/v2\/pages\/1944\/revisions"}],"predecessor-version":[{"id":1947,"href":"https:\/\/rita-pereira.com\/en\/wp-json\/wp\/v2\/pages\/1944\/revisions\/1947"}],"wp:attachment":[{"href":"https:\/\/rita-pereira.com\/en\/wp-json\/wp\/v2\/media?parent=1944"}],"curies":[{"name":"wp","href":"https:\/\/api.w.org\/{rel}","templated":true}]}}